{"id":8,"date":"2026-03-17T19:42:09","date_gmt":"2026-03-17T19:42:09","guid":{"rendered":"https:\/\/relaunch.weinfreundekreis-dreilaendereck.ch\/?page_id=8"},"modified":"2026-03-21T09:26:44","modified_gmt":"2026-03-21T09:26:44","slug":"ueber-uns","status":"publish","type":"page","link":"https:\/\/relaunch.weinfreundekreis-dreilaendereck.ch\/index.php\/ueber-uns\/","title":{"rendered":"\u00dcber uns"},"content":{"rendered":"\n<p class=\"is-style-default has-accent-3-color has-text-color has-link-color has-x-large-font-size wp-elements-427559a67c02ca26856969acfc684416\"><strong>\u201eWarum mir der Weinfreundekreis so viel gibt.\u201c<\/strong><\/p>\n\n\n\n<div class=\"wp-block-group has-global-padding is-layout-constrained wp-block-group-is-layout-constrained\">\n<div class=\"wp-block-columns is-layout-flex wp-container-core-columns-is-layout-28f84493 wp-block-columns-is-layout-flex\">\n<div class=\"wp-block-column is-style-default is-layout-flow wp-block-column-is-layout-flow\" style=\"flex-basis:80%\">\n<p class=\"is-style-default\">Auch Du trinkst gern ein Glas Wein und w\u00fcrdest gern mehr dar\u00fcber erfahren. Meist sagt das Etikett nicht viel aus und viele Begriffe sind v\u00f6llig fremd. Der Wein schmeckt oder schmeckt nicht \u2013 das kann doch nicht alles sein?!<\/p>\n\n\n\n<p class=\"is-style-text-display has-accent-3-color has-text-color has-link-color has-x-large-font-size wp-elements-586a35d8d7e3aa8744b5badf1d61a4d5 is-style-text-display--1\"><strong>Savoir vivre \u2013 gemeinsam geniessen<\/strong><\/p>\n\n\n\n<p class=\"is-style-default\">Der Weinfreundekreis Dreil\u00e4ndereck f\u00f6rdert und vermittelt Wissen und Informationen rund um das Kulturgut Wein. Dar\u00fcber hinaus bietet er seinen Mitgliedern und G\u00e4sten eine Plattform zur zwanglosen Pflege kultureller Interessen und kameradschaftlicher Geselligkeit.<\/p>\n\n\n\n<p>Geografisch ist der Weinfreundekreis Dreil\u00e4ndereck ausgerichtet auf den l\u00e4nder\u00fcbergreifenden Grossraum rund um den Bodensee. Wir sind politisch und konfessionell neutral und verfolgen keine kommerziellen Zwecke.<\/p>\n\n\n\n<p>Er organisiert im Schnitt vier bis f\u00fcnf Anl\u00e4sse pro Jahr. Schwerpunkt der einzelnen Veranstaltungen bildet in der Regel ein spezifisches &#8222;Wein&#8220;-Thema. Alternativ werden Veranstaltungen auch mit einem Kulturschwerpunkt angeboten.<\/p>\n<\/div>\n\n\n\n<div class=\"wp-block-column is-vertically-aligned-top is-layout-flow wp-block-column-is-layout-flow\" style=\"flex-basis:40%\">\n<figure class=\"wp-block-image size-medium is-resized\"><img loading=\"lazy\" decoding=\"async\" width=\"169\" height=\"300\" src=\"https:\/\/relaunch.weinfreundekreis-dreilaendereck.ch\/wp-content\/uploads\/2026\/03\/20250817_172401-169x300.jpg\" alt=\"\" class=\"wp-image-35\" style=\"aspect-ratio:0.5633197087976121;width:294px;height:auto\" srcset=\"https:\/\/relaunch.weinfreundekreis-dreilaendereck.ch\/wp-content\/uploads\/2026\/03\/20250817_172401-169x300.jpg 169w, https:\/\/relaunch.weinfreundekreis-dreilaendereck.ch\/wp-content\/uploads\/2026\/03\/20250817_172401-576x1024.jpg 576w, https:\/\/relaunch.weinfreundekreis-dreilaendereck.ch\/wp-content\/uploads\/2026\/03\/20250817_172401-768x1365.jpg 768w, https:\/\/relaunch.weinfreundekreis-dreilaendereck.ch\/wp-content\/uploads\/2026\/03\/20250817_172401-864x1536.jpg 864w, https:\/\/relaunch.weinfreundekreis-dreilaendereck.ch\/wp-content\/uploads\/2026\/03\/20250817_172401-1152x2048.jpg 1152w, https:\/\/relaunch.weinfreundekreis-dreilaendereck.ch\/wp-content\/uploads\/2026\/03\/20250817_172401-scaled.jpg 1440w\" sizes=\"auto, (max-width: 169px) 100vw, 169px\" \/><\/figure>\n<\/div>\n<\/div>\n<\/div>\n\n\n\n<p class=\"is-style-default has-contrast-color has-text-color has-link-color has-large-font-size wp-elements-015af0b1b1ae4b9029fe20181e5cd9e6\">G\u00e4ste sind herzlich eingeladen, an allen Veranstaltungen teilnehmen &#8211; mit Ausnahme der Mitgliederversammlung. Auch eine mehrmalige Teilnahme an Veranstaltungen verpflichtet nicht zur Mitgliedschaft.<\/p>\n\n\n\n<h3 class=\"wp-block-heading\">Der Vorstand vom Weinfreundekreis<\/h3>\n\n\n\n<div class=\"wp-block-columns alignwide is-layout-flex wp-container-core-columns-is-layout-28f84493 wp-block-columns-is-layout-flex\">\n<div class=\"wp-block-column is-layout-flow wp-block-column-is-layout-flow\" style=\"flex-basis:100%\">\n<div class=\"wp-block-cover alignwide wp-duotone-unset-2\" style=\"padding-right:var(--wp--preset--spacing--40);padding-left:var(--wp--preset--spacing--40)\"><img loading=\"lazy\" decoding=\"async\" width=\"1024\" height=\"501\" class=\"wp-block-cover__image-background wp-image-11\" alt=\"aktueller Vorstand\" src=\"https:\/\/relaunch.weinfreundekreis-dreilaendereck.ch\/wp-content\/uploads\/2026\/03\/VorstandWFK2025_650-1024x501.webp\" style=\"object-position:50% 0%\" data-object-fit=\"cover\" data-object-position=\"50% 0%\" srcset=\"https:\/\/relaunch.weinfreundekreis-dreilaendereck.ch\/wp-content\/uploads\/2026\/03\/VorstandWFK2025_650-1024x501.webp 1024w, https:\/\/relaunch.weinfreundekreis-dreilaendereck.ch\/wp-content\/uploads\/2026\/03\/VorstandWFK2025_650-300x147.webp 300w, https:\/\/relaunch.weinfreundekreis-dreilaendereck.ch\/wp-content\/uploads\/2026\/03\/VorstandWFK2025_650-768x375.webp 768w, https:\/\/relaunch.weinfreundekreis-dreilaendereck.ch\/wp-content\/uploads\/2026\/03\/VorstandWFK2025_650.webp 1340w\" sizes=\"auto, (max-width: 1024px) 100vw, 1024px\" \/><span aria-hidden=\"true\" class=\"wp-block-cover__background has-background-dim-0 has-background-dim\"><\/span><div class=\"wp-block-cover__inner-container is-layout-flow wp-block-cover-is-layout-flow\">\n<div class=\"wp-block-group has-global-padding is-content-justification-right is-layout-constrained wp-container-core-group-is-layout-f1f2ed93 wp-block-group-is-layout-constrained\">\n<p class=\"has-text-align-right has-large-font-size\">von rechts nach links:<\/p>\n\n\n\n<h4 class=\"wp-block-heading has-text-align-right\"><strong>Wolfgang Beiss<\/strong><\/h4>\n\n\n\n<div class=\"wp-block-group has-global-padding is-content-justification-right is-layout-constrained wp-container-core-group-is-layout-f1f2ed93 wp-block-group-is-layout-constrained\">\n<p class=\"has-text-align-right\">Gr\u00fcnder, Oenologe<\/p>\n<\/div>\n\n\n\n<h4 class=\"wp-block-heading has-text-align-right\"><strong>Doris Rumm-Kreuter<\/strong><\/h4>\n\n\n\n<p class=\"has-text-align-right\">Finanzen, DipWSET<\/p>\n\n\n\n<h4 class=\"wp-block-heading has-text-align-right\"><strong>Ulrich Lantermann<\/strong><\/h4>\n\n\n\n<p class=\"has-text-align-right\">\u00d6ffentlichkeitsarbeit<br>Kommunikation<\/p>\n\n\n\n<h4 class=\"wp-block-heading has-text-align-right\"><strong>Anita R\u00f6mer-Koch<\/strong><\/h4>\n\n\n\n<p class=\"has-text-align-right has-large-font-size\">Veranstaltungen, Sommeli\u00e8re<\/p>\n<\/div>\n<\/div><\/div>\n<\/div>\n<\/div>\n","protected":false},"excerpt":{"rendered":"<p>\u201eWarum mir der Weinfreundekreis so viel gibt.\u201c Auch Du trinkst gern ein Glas Wein und w\u00fcrdest gern mehr dar\u00fcber erfahren. Meist sagt das Etikett nicht viel aus und viele Begriffe sind v\u00f6llig fremd. Der Wein schmeckt oder schmeckt nicht \u2013 das kann doch nicht alles sein?! Savoir vivre \u2013 gemeinsam geniessen Der Weinfreundekreis Dreil\u00e4ndereck f\u00f6rdert [&hellip;]<\/p>\n","protected":false},"author":1,"featured_media":0,"parent":0,"menu_order":0,"comment_status":"closed","ping_status":"closed","template":"","meta":{"footnotes":""},"class_list":["post-8","page","type-page","status-publish","hentry"],"_links":{"self":[{"href":"https:\/\/relaunch.weinfreundekreis-dreilaendereck.ch\/index.php\/wp-json\/wp\/v2\/pages\/8","targetHints":{"allow":["GET"]}}],"collection":[{"href":"https:\/\/relaunch.weinfreundekreis-dreilaendereck.ch\/index.php\/wp-json\/wp\/v2\/pages"}],"about":[{"href":"https:\/\/relaunch.weinfreundekreis-dreilaendereck.ch\/index.php\/wp-json\/wp\/v2\/types\/page"}],"author":[{"embeddable":true,"href":"https:\/\/relaunch.weinfreundekreis-dreilaendereck.ch\/index.php\/wp-json\/wp\/v2\/users\/1"}],"replies":[{"embeddable":true,"href":"https:\/\/relaunch.weinfreundekreis-dreilaendereck.ch\/index.php\/wp-json\/wp\/v2\/comments?post=8"}],"version-history":[{"count":8,"href":"https:\/\/relaunch.weinfreundekreis-dreilaendereck.ch\/index.php\/wp-json\/wp\/v2\/pages\/8\/revisions"}],"predecessor-version":[{"id":47,"href":"https:\/\/relaunch.weinfreundekreis-dreilaendereck.ch\/index.php\/wp-json\/wp\/v2\/pages\/8\/revisions\/47"}],"wp:attachment":[{"href":"https:\/\/relaunch.weinfreundekreis-dreilaendereck.ch\/index.php\/wp-json\/wp\/v2\/media?parent=8"}],"curies":[{"name":"wp","href":"https:\/\/api.w.org\/{rel}","templated":true}]}}